{"id":887,"date":"2025-05-09T14:46:00","date_gmt":"2025-05-09T14:46:00","guid":{"rendered":"https:\/\/csp-plus.com\/?page_id=887"},"modified":"2025-05-14T15:20:14","modified_gmt":"2025-05-14T15:20:14","slug":"mentions-legales-cgv","status":"publish","type":"page","link":"https:\/\/csp-plus.com\/?page_id=887","title":{"rendered":"Mentions l\u00e9gales &amp; CGV"},"content":{"rendered":"\t\t<div data-elementor-type=\"wp-page\" data-elementor-id=\"887\" class=\"elementor elementor-887\">\n\t\t\t\t\t\t<section class=\"elementor-section elementor-top-section elementor-element elementor-element-ad1fbc5 elementor-section-boxed elementor-section-height-default elementor-section-height-default\" data-id=\"ad1fbc5\" data-element_type=\"section\">\n\t\t\t\t\t\t<div class=\"elementor-container elementor-column-gap-default\">\n\t\t\t\t\t<div class=\"elementor-column elementor-col-100 elementor-top-column elementor-element elementor-element-9cd8817\" data-id=\"9cd8817\" data-element_type=\"column\">\n\t\t\t<div class=\"elementor-widget-wrap elementor-element-populated\">\n\t\t\t\t\t\t<div class=\"elementor-element elementor-element-6fe3f52 elementor-widget elementor-widget-spacer\" data-id=\"6fe3f52\" data-element_type=\"widget\" data-widget_type=\"spacer.default\">\n\t\t\t\t<div class=\"elementor-widget-container\">\n\t\t\t\t\t\t\t<div class=\"elementor-spacer\">\n\t\t\t<div class=\"elementor-spacer-inner\"><\/div>\n\t\t<\/div>\n\t\t\t\t\t\t<\/div>\n\t\t\t\t<\/div>\n\t\t\t\t\t<\/div>\n\t\t<\/div>\n\t\t\t\t\t<\/div>\n\t\t<\/section>\n\t\t\t\t<section class=\"elementor-section elementor-top-section elementor-element elementor-element-82f92b2 elementor-section-boxed elementor-section-height-default elementor-section-height-default\" data-id=\"82f92b2\" data-element_type=\"section\">\n\t\t\t\t\t\t<div class=\"elementor-container elementor-column-gap-default\">\n\t\t\t\t\t<div class=\"elementor-column elementor-col-100 elementor-top-column elementor-element elementor-element-5bce568\" data-id=\"5bce568\" data-element_type=\"column\">\n\t\t\t<div class=\"elementor-widget-wrap elementor-element-populated\">\n\t\t\t\t\t\t<div class=\"elementor-element elementor-element-2fc7c79 elementor-widget elementor-widget-heading\" data-id=\"2fc7c79\" data-element_type=\"widget\" data-widget_type=\"heading.default\">\n\t\t\t\t<div class=\"elementor-widget-container\">\n\t\t\t\t\t<h2 class=\"elementor-heading-title elementor-size-default\">Mentions l\u00e9gales &amp; CGV<\/h2>\t\t\t\t<\/div>\n\t\t\t\t<\/div>\n\t\t\t\t<div class=\"elementor-element elementor-element-8a4ac08 elementor-widget elementor-widget-spacer\" data-id=\"8a4ac08\" data-element_type=\"widget\" data-widget_type=\"spacer.default\">\n\t\t\t\t<div class=\"elementor-widget-container\">\n\t\t\t\t\t\t\t<div class=\"elementor-spacer\">\n\t\t\t<div class=\"elementor-spacer-inner\"><\/div>\n\t\t<\/div>\n\t\t\t\t\t\t<\/div>\n\t\t\t\t<\/div>\n\t\t\t\t<div class=\"elementor-element elementor-element-58ac9b6 elementor-widget elementor-widget-text-editor\" data-id=\"58ac9b6\" data-element_type=\"widget\" data-widget_type=\"text-editor.default\">\n\t\t\t\t<div class=\"elementor-widget-container\">\n\t\t\t\t\t\t\t\t\t<p><span style=\"font-family: Montserrat;\"><strong>Propri\u00e9taire :\u00a0<\/strong>Brice<span dir=\"ltr\"><span aria-hidden=\"true\">\u00a0Mezerette<\/span><\/span>, responsable de la SAS CONSEIL SOLUTION PROFESSIONNEL + (CSP+)<\/span><br \/><span style=\"font-family: Montserrat;\"><strong>SIRET<\/strong> : 881 483 721 00026<\/span><br \/><span style=\"font-family: Montserrat;\"><strong>Adresse<\/strong> : BAT MAHARIN B 2 AVENUE DE LA BUTTE AUX CAILLES 64600 ANGLET<\/span><br \/><span style=\"font-family: Montserrat;\"><strong>Contact<\/strong> : via le <a href=\"https:\/\/www.julie-bidaubayle.fr\/contact\/\">formulaire de contact<\/a><\/span><\/p><p><span style=\"font-family: Montserrat;\"><strong>Webdesigner : <\/strong><a href=\"http:\/\/www.dame-pixel.fr\">Dame Pixel<\/a>, agence de communication<strong><br \/>Responsable de la publication<\/strong> : Brice Mezerette<\/span><br \/><span style=\"font-family: Montserrat;\"><strong>Nom de l\u2019h\u00e9bergeur<\/strong> :\u00a0<a href=\"https:\/\/www.o2switch.fr\/\">O2 Switch<\/a>\u00a0222. Bd Gustave Flaubert 63 000 Clermont-Ferrand<\/span><\/p><p><span style=\"font-family: Montserrat;\"><strong>Cr\u00e9dit photos : <\/strong><a href=\"http:\/\/www.dame-pixel.fr\">Dame Pixel<\/a>, agence de communication<\/span><\/p>\t\t\t\t\t\t\t\t<\/div>\n\t\t\t\t<\/div>\n\t\t\t\t<div class=\"elementor-element elementor-element-3666a70 elementor-widget elementor-widget-heading\" data-id=\"3666a70\" data-element_type=\"widget\" data-widget_type=\"heading.default\">\n\t\t\t\t<div class=\"elementor-widget-container\">\n\t\t\t\t\t<h3 class=\"elementor-heading-title elementor-size-default\">Liens hypertextes<\/h3>\t\t\t\t<\/div>\n\t\t\t\t<\/div>\n\t\t\t\t<div class=\"elementor-element elementor-element-347f885 elementor-widget elementor-widget-text-editor\" data-id=\"347f885\" data-element_type=\"widget\" data-widget_type=\"text-editor.default\">\n\t\t\t\t<div class=\"elementor-widget-container\">\n\t\t\t\t\t\t\t\t\t<p><span style=\"font-family: Montserrat;\">Le site peut contenir des liens hypertextes vers d\u2019autres sites web. La <strong>SAS CSP+<\/strong> ne saurait \u00eatre tenue responsable du contenu de ces sites externes.<\/span><\/p>\t\t\t\t\t\t\t\t<\/div>\n\t\t\t\t<\/div>\n\t\t\t\t<div class=\"elementor-element elementor-element-feb98c1 elementor-widget elementor-widget-heading\" data-id=\"feb98c1\" data-element_type=\"widget\" data-widget_type=\"heading.default\">\n\t\t\t\t<div class=\"elementor-widget-container\">\n\t\t\t\t\t<h3 class=\"elementor-heading-title elementor-size-default\">Propri\u00e9t\u00e9 intellectuelle<\/h3>\t\t\t\t<\/div>\n\t\t\t\t<\/div>\n\t\t\t\t<div class=\"elementor-element elementor-element-afb4c19 elementor-widget elementor-widget-text-editor\" data-id=\"afb4c19\" data-element_type=\"widget\" data-widget_type=\"text-editor.default\">\n\t\t\t\t<div class=\"elementor-widget-container\">\n\t\t\t\t\t\t\t\t\t<p><span style=\"font-family: Montserrat;\">Tous les contenus pr\u00e9sents sur le site <strong><a href=\"http:\/\/www.csp-plus.com\">www.csp-plus.com<\/a><\/strong>, y compris les textes, images, graphismes, logos, ic\u00f4nes, sons, logiciels, sont la propri\u00e9t\u00e9 exclusive de <strong>la SAS CSP+<\/strong>, sauf mention contraire.<\/span><\/p><p><span style=\"font-family: Montserrat;\">Toute reproduction, distribution, modification ou utilisation, sans autorisation pr\u00e9alable \u00e9crite, est interdite et peut constituer une contrefa\u00e7on sanctionn\u00e9e par le\u00a0<strong>Code de la propri\u00e9t\u00e9 intellectuelle<\/strong>.<\/span><\/p>\t\t\t\t\t\t\t\t<\/div>\n\t\t\t\t<\/div>\n\t\t\t\t<div class=\"elementor-element elementor-element-cd4286f elementor-widget elementor-widget-heading\" data-id=\"cd4286f\" data-element_type=\"widget\" data-widget_type=\"heading.default\">\n\t\t\t\t<div class=\"elementor-widget-container\">\n\t\t\t\t\t<h3 class=\"elementor-heading-title elementor-size-default\">DROIT APPLICABLE ET JURIDICTION COMP\u00c9TENTE<\/h3>\t\t\t\t<\/div>\n\t\t\t\t<\/div>\n\t\t\t\t<div class=\"elementor-element elementor-element-7381c38 elementor-widget elementor-widget-text-editor\" data-id=\"7381c38\" data-element_type=\"widget\" data-widget_type=\"text-editor.default\">\n\t\t\t\t<div class=\"elementor-widget-container\">\n\t\t\t\t\t\t\t\t\t<p><span style=\"font-family: Montserrat;\">Les pr\u00e9sentes mentions l\u00e9gales sont r\u00e9gies par le\u00a0<strong>droit fran\u00e7ais<\/strong>. En cas de litige, et \u00e0 d\u00e9faut de r\u00e9solution amiable, les tribunaux comp\u00e9tents seront ceux du ressort du si\u00e8ge social de la <strong>SAS CSP+<\/strong>.<\/span><\/p>\t\t\t\t\t\t\t\t<\/div>\n\t\t\t\t<\/div>\n\t\t\t\t<div class=\"elementor-element elementor-element-7e5ccfb elementor-widget elementor-widget-heading\" data-id=\"7e5ccfb\" data-element_type=\"widget\" data-widget_type=\"heading.default\">\n\t\t\t\t<div class=\"elementor-widget-container\">\n\t\t\t\t\t<h3 class=\"elementor-heading-title elementor-size-default\">Statistiques<\/h3>\t\t\t\t<\/div>\n\t\t\t\t<\/div>\n\t\t\t\t<div class=\"elementor-element elementor-element-9fdd38d elementor-widget elementor-widget-text-editor\" data-id=\"9fdd38d\" data-element_type=\"widget\" data-widget_type=\"text-editor.default\">\n\t\t\t\t<div class=\"elementor-widget-container\">\n\t\t\t\t\t\t\t\t\t<p><span style=\"font-family: Montserrat;\">Le site de la <strong>SAS CSP+<\/strong>, utilise le service d\u2019analyse et de statistique Google Analytics, fourni par Google.<\/span><\/p><p><span style=\"font-family: Montserrat;\">Pour analyser la navigation et l\u2019utilisation du site par les internautes, Google Analytics a recours \u00e0 des cookies \u2013 fichiers enregistr\u00e9s sur votre ordinateur, transmettant des donn\u00e9es (dont votre adresse IP) \u00e0 des serveurs de Google situ\u00e9s aux \u00c9tats-Unis d\u2019Am\u00e9rique. Stock\u00e9es et compil\u00e9es par les soins de Google, ces donn\u00e9es servent \u00e0 \u00e9tablir des rapports sur l\u2019utilisation du site \u00e0 son \u00e9diteur (<strong>Brice Mezerette<\/strong>). En outre, en cas d\u2019obligation l\u00e9gale ou pour ses besoins de sous-traitance, Google peut communiquer ces donn\u00e9es \u00e0 des tiers.<\/span><\/p><p><span style=\"font-family: Montserrat;\">Vous pouvez d\u00e9sactiver l\u2019utilisation des cookies gr\u00e2ce aux param\u00e8tres ad hoc de votre navigateur. En l\u2019absence d\u2019une telle d\u00e9sactivation et en poursuivant la navigation sur ce site, vous consentez \u00e0 l\u2019utilisation et au traitement de vos donn\u00e9es d\u00e9crites ci-dessus.<\/span><\/p>\t\t\t\t\t\t\t\t<\/div>\n\t\t\t\t<\/div>\n\t\t\t\t<div class=\"elementor-element elementor-element-522a752 elementor-widget elementor-widget-heading\" data-id=\"522a752\" data-element_type=\"widget\" data-widget_type=\"heading.default\">\n\t\t\t\t<div class=\"elementor-widget-container\">\n\t\t\t\t\t<h3 class=\"elementor-heading-title elementor-size-default\">Application des conditions g\u00e9n\u00e9rales de vente<\/h3>\t\t\t\t<\/div>\n\t\t\t\t<\/div>\n\t\t\t\t<div class=\"elementor-element elementor-element-71bc741 elementor-widget elementor-widget-text-editor\" data-id=\"71bc741\" data-element_type=\"widget\" data-widget_type=\"text-editor.default\">\n\t\t\t\t<div class=\"elementor-widget-container\">\n\t\t\t\t\t\t\t\t\t<p><span style=\"font-family: Montserrat;\">Conform\u00e9ment aux obligations du RGPD, les donn\u00e9es personnelles que vous communiquez ne seront utilis\u00e9es que dans le cadre des relations commerciales entre vous et la <strong>SAS CSP+<\/strong>. Les donn\u00e9es ne seront pas utilis\u00e9es \u00e0 des fins sortant du cadre du service demand\u00e9.<\/span><\/p><p><span style=\"font-family: Montserrat;\">Vous \u00eates inform\u00e9.e, en tant qu\u2019utilisateur(trice), conform\u00e9ment \u00e0 l\u2019article 32 de la loi n\u00b078-17 du 6 janvier 1978 modifi\u00e9e, relative \u00e0 l\u2019informatique, aux fichiers et aux libert\u00e9s, que les informations transmises via le formulaire du site sont destin\u00e9es \u00e0 la <strong>SAS CSP+<\/strong>.<\/span><\/p><p><span style=\"font-family: Montserrat;\">Vous \u00eates inform\u00e9.e, en tant qu\u2019utilisateur(trice), avoir un droit d\u2019acc\u00e8s, d\u2019interrogation et de rectification qui te permet, de faire rectifier, compl\u00e9ter, mettre \u00e0 jour, effacer ou encore verrouiller les donn\u00e9es personnelles vous concernant qui sont inexactes, incompl\u00e8tes, \u00e9quivoques ou p\u00e9rim\u00e9es.<\/span><\/p><p><span style=\"font-family: Montserrat;\">Vous \u00eates inform\u00e9.e que vous disposez d\u2019un droit de portabilit\u00e9 pour r\u00e9cup\u00e9rer, \u00e0 votre demande, vos donn\u00e9es personnelles.<\/span><\/p><p><span style=\"font-family: Montserrat;\">Vous \u00eates inform\u00e9.e avoir un droit d\u2019opposition au traitement de vos donn\u00e9es personnelles pour des motifs l\u00e9gitimes et un droit d\u2019opposition \u00e0 ce que vos donn\u00e9es soient utilis\u00e9es \u00e0 des fins de prospection commerciale.<\/span><\/p>\t\t\t\t\t\t\t\t<\/div>\n\t\t\t\t<\/div>\n\t\t\t\t\t<\/div>\n\t\t<\/div>\n\t\t\t\t\t<\/div>\n\t\t<\/section>\n\t\t\t\t<section class=\"elementor-section elementor-top-section elementor-element elementor-element-0688a82 elementor-hidden-mobile elementor-section-boxed elementor-section-height-default elementor-section-height-default\" data-id=\"0688a82\" data-element_type=\"section\">\n\t\t\t\t\t\t<div class=\"elementor-container elementor-column-gap-default\">\n\t\t\t\t\t<div class=\"elementor-column elementor-col-100 elementor-top-column elementor-element elementor-element-f6983b1\" data-id=\"f6983b1\" data-element_type=\"column\">\n\t\t\t<div class=\"elementor-widget-wrap elementor-element-populated\">\n\t\t\t\t\t\t<div class=\"elementor-element elementor-element-6e19d73 elementor-widget elementor-widget-spacer\" data-id=\"6e19d73\" data-element_type=\"widget\" data-widget_type=\"spacer.default\">\n\t\t\t\t<div class=\"elementor-widget-container\">\n\t\t\t\t\t\t\t<div class=\"elementor-spacer\">\n\t\t\t<div class=\"elementor-spacer-inner\"><\/div>\n\t\t<\/div>\n\t\t\t\t\t\t<\/div>\n\t\t\t\t<\/div>\n\t\t\t\t\t<\/div>\n\t\t<\/div>\n\t\t\t\t\t<\/div>\n\t\t<\/section>\n\t\t\t\t<\/div>\n\t\t","protected":false},"excerpt":{"rendered":"<p>Mentions l\u00e9gales &#038; CGV Propri\u00e9taire :\u00a0Brice\u00a0Mezerette, responsable de la SAS CONSEIL SOLUTION PROFESSIONNEL + (CSP+)SIRET : 881 483 721 00026Adresse [&hellip;]<\/p>\n","protected":false},"author":1,"featured_media":0,"parent":0,"menu_order":0,"comment_status":"closed","ping_status":"closed","template":"","meta":{"site-sidebar-layout":"no-sidebar","site-content-layout":"","ast-site-content-layout":"full-width-container","site-content-style":"default","site-sidebar-style":"default","ast-global-header-display":"","ast-banner-title-visibility":"","ast-main-header-display":"","ast-hfb-above-header-display":"","ast-hfb-below-header-display":"","ast-hfb-mobile-header-display":"","site-post-title":"disabled","ast-breadcrumbs-content":"","ast-featured-img":"disabled","footer-sml-layout":"","theme-transparent-header-meta":"","adv-header-id-meta":"","stick-header-meta":"","header-above-stick-meta":"","header-main-stick-meta":"","header-below-stick-meta":"","astra-migrate-meta-layouts":"default","ast-page-background-enabled":"default","ast-page-background-meta":{"desktop":{"background-color":"var(--ast-global-color-5)","background-image":"","background-repeat":"repeat","background-position":"center center","background-size":"auto","background-attachment":"scroll","background-type":"","background-media":"","overlay-type":"","overlay-color":"","overlay-opacity":"","overlay-gradient":""},"tablet":{"background-color":"","background-image":"","background-repeat":"repeat","background-position":"center center","background-size":"auto","background-attachment":"scroll","background-type":"","background-media":"","overlay-type":"","overlay-color":"","overlay-opacity":"","overlay-gradient":""},"mobile":{"background-color":"","background-image":"","background-repeat":"repeat","background-position":"center center","background-size":"auto","background-attachment":"scroll","background-type":"","background-media":"","overlay-type":"","overlay-color":"","overlay-opacity":"","overlay-gradient":""}},"ast-content-background-meta":{"desktop":{"background-color":"var(--ast-global-color-4)","background-image":"","background-repeat":"repeat","background-position":"center center","background-size":"auto","background-attachment":"scroll","background-type":"","background-media":"","overlay-type":"","overlay-color":"","overlay-opacity":"","overlay-gradient":""},"tablet":{"background-color":"var(--ast-global-color-4)","background-image":"","background-repeat":"repeat","background-position":"center center","background-size":"auto","background-attachment":"scroll","background-type":"","background-media":"","overlay-type":"","overlay-color":"","overlay-opacity":"","overlay-gradient":""},"mobile":{"background-color":"var(--ast-global-color-4)","background-image":"","background-repeat":"repeat","background-position":"center center","background-size":"auto","background-attachment":"scroll","background-type":"","background-media":"","overlay-type":"","overlay-color":"","overlay-opacity":"","overlay-gradient":""}},"footnotes":""},"class_list":["post-887","page","type-page","status-publish","hentry"],"yoast_head":"<!-- This site is optimized with the Yoast SEO plugin v26.6 - https:\/\/yoast.com\/wordpress\/plugins\/seo\/ -->\n<title>Mentions l\u00e9gales &amp; CGV - CSP+<\/title>\n<meta name=\"robots\" content=\"index, follow, max-snippet:-1, max-image-preview:large, max-video-preview:-1\" \/>\n<link rel=\"canonical\" href=\"https:\/\/csp-plus.com\/?page_id=887\" \/>\n<meta property=\"og:locale\" content=\"fr_FR\" \/>\n<meta property=\"og:type\" content=\"article\" \/>\n<meta property=\"og:title\" content=\"Mentions l\u00e9gales &amp; CGV - CSP+\" \/>\n<meta property=\"og:description\" content=\"Mentions l\u00e9gales &#038; CGV Propri\u00e9taire :\u00a0Brice\u00a0Mezerette, responsable de la SAS CONSEIL SOLUTION PROFESSIONNEL + (CSP+)SIRET : 881 483 721 00026Adresse [&hellip;]\" \/>\n<meta property=\"og:url\" content=\"https:\/\/csp-plus.com\/?page_id=887\" \/>\n<meta property=\"og:site_name\" content=\"CSP+\" \/>\n<meta property=\"article:modified_time\" content=\"2025-05-14T15:20:14+00:00\" \/>\n<meta name=\"twitter:card\" content=\"summary_large_image\" \/>\n<meta name=\"twitter:label1\" content=\"Dur\u00e9e de lecture estim\u00e9e\" \/>\n\t<meta name=\"twitter:data1\" content=\"3 minutes\" \/>\n<script type=\"application\/ld+json\" class=\"yoast-schema-graph\">{\"@context\":\"https:\/\/schema.org\",\"@graph\":[{\"@type\":\"WebPage\",\"@id\":\"https:\/\/csp-plus.com\/?page_id=887\",\"url\":\"https:\/\/csp-plus.com\/?page_id=887\",\"name\":\"Mentions l\u00e9gales &amp; CGV - CSP+\",\"isPartOf\":{\"@id\":\"https:\/\/csp-plus.com\/#website\"},\"datePublished\":\"2025-05-09T14:46:00+00:00\",\"dateModified\":\"2025-05-14T15:20:14+00:00\",\"breadcrumb\":{\"@id\":\"https:\/\/csp-plus.com\/?page_id=887#breadcrumb\"},\"inLanguage\":\"fr-FR\",\"potentialAction\":[{\"@type\":\"ReadAction\",\"target\":[\"https:\/\/csp-plus.com\/?page_id=887\"]}]},{\"@type\":\"BreadcrumbList\",\"@id\":\"https:\/\/csp-plus.com\/?page_id=887#breadcrumb\",\"itemListElement\":[{\"@type\":\"ListItem\",\"position\":1,\"name\":\"Accueil\",\"item\":\"https:\/\/csp-plus.com\/\"},{\"@type\":\"ListItem\",\"position\":2,\"name\":\"Mentions l\u00e9gales &amp; CGV\"}]},{\"@type\":\"WebSite\",\"@id\":\"https:\/\/csp-plus.com\/#website\",\"url\":\"https:\/\/csp-plus.com\/\",\"name\":\"CSP+\",\"description\":\"Cabinet en Conseil Solution Professionnel\",\"publisher\":{\"@id\":\"https:\/\/csp-plus.com\/#organization\"},\"potentialAction\":[{\"@type\":\"SearchAction\",\"target\":{\"@type\":\"EntryPoint\",\"urlTemplate\":\"https:\/\/csp-plus.com\/?s={search_term_string}\"},\"query-input\":{\"@type\":\"PropertyValueSpecification\",\"valueRequired\":true,\"valueName\":\"search_term_string\"}}],\"inLanguage\":\"fr-FR\"},{\"@type\":\"Organization\",\"@id\":\"https:\/\/csp-plus.com\/#organization\",\"name\":\"CSP+\",\"url\":\"https:\/\/csp-plus.com\/\",\"logo\":{\"@type\":\"ImageObject\",\"inLanguage\":\"fr-FR\",\"@id\":\"https:\/\/csp-plus.com\/#\/schema\/logo\/image\/\",\"url\":\"https:\/\/csp-plus.com\/wp-content\/uploads\/2025\/04\/cropped-logo_CSP-1.png\",\"contentUrl\":\"https:\/\/csp-plus.com\/wp-content\/uploads\/2025\/04\/cropped-logo_CSP-1.png\",\"width\":1770,\"height\":589,\"caption\":\"CSP+\"},\"image\":{\"@id\":\"https:\/\/csp-plus.com\/#\/schema\/logo\/image\/\"}}]}<\/script>\n<!-- \/ Yoast SEO plugin. -->","yoast_head_json":{"title":"Mentions l\u00e9gales &amp; CGV - CSP+","robots":{"index":"index","follow":"follow","max-snippet":"max-snippet:-1","max-image-preview":"max-image-preview:large","max-video-preview":"max-video-preview:-1"},"canonical":"https:\/\/csp-plus.com\/?page_id=887","og_locale":"fr_FR","og_type":"article","og_title":"Mentions l\u00e9gales &amp; CGV - CSP+","og_description":"Mentions l\u00e9gales &#038; CGV Propri\u00e9taire :\u00a0Brice\u00a0Mezerette, responsable de la SAS CONSEIL SOLUTION PROFESSIONNEL + (CSP+)SIRET : 881 483 721 00026Adresse [&hellip;]","og_url":"https:\/\/csp-plus.com\/?page_id=887","og_site_name":"CSP+","article_modified_time":"2025-05-14T15:20:14+00:00","twitter_card":"summary_large_image","twitter_misc":{"Dur\u00e9e de lecture estim\u00e9e":"3 minutes"},"schema":{"@context":"https:\/\/schema.org","@graph":[{"@type":"WebPage","@id":"https:\/\/csp-plus.com\/?page_id=887","url":"https:\/\/csp-plus.com\/?page_id=887","name":"Mentions l\u00e9gales &amp; CGV - CSP+","isPartOf":{"@id":"https:\/\/csp-plus.com\/#website"},"datePublished":"2025-05-09T14:46:00+00:00","dateModified":"2025-05-14T15:20:14+00:00","breadcrumb":{"@id":"https:\/\/csp-plus.com\/?page_id=887#breadcrumb"},"inLanguage":"fr-FR","potentialAction":[{"@type":"ReadAction","target":["https:\/\/csp-plus.com\/?page_id=887"]}]},{"@type":"BreadcrumbList","@id":"https:\/\/csp-plus.com\/?page_id=887#breadcrumb","itemListElement":[{"@type":"ListItem","position":1,"name":"Accueil","item":"https:\/\/csp-plus.com\/"},{"@type":"ListItem","position":2,"name":"Mentions l\u00e9gales &amp; CGV"}]},{"@type":"WebSite","@id":"https:\/\/csp-plus.com\/#website","url":"https:\/\/csp-plus.com\/","name":"CSP+","description":"Cabinet en Conseil Solution Professionnel","publisher":{"@id":"https:\/\/csp-plus.com\/#organization"},"potentialAction":[{"@type":"SearchAction","target":{"@type":"EntryPoint","urlTemplate":"https:\/\/csp-plus.com\/?s={search_term_string}"},"query-input":{"@type":"PropertyValueSpecification","valueRequired":true,"valueName":"search_term_string"}}],"inLanguage":"fr-FR"},{"@type":"Organization","@id":"https:\/\/csp-plus.com\/#organization","name":"CSP+","url":"https:\/\/csp-plus.com\/","logo":{"@type":"ImageObject","inLanguage":"fr-FR","@id":"https:\/\/csp-plus.com\/#\/schema\/logo\/image\/","url":"https:\/\/csp-plus.com\/wp-content\/uploads\/2025\/04\/cropped-logo_CSP-1.png","contentUrl":"https:\/\/csp-plus.com\/wp-content\/uploads\/2025\/04\/cropped-logo_CSP-1.png","width":1770,"height":589,"caption":"CSP+"},"image":{"@id":"https:\/\/csp-plus.com\/#\/schema\/logo\/image\/"}}]}},"_links":{"self":[{"href":"https:\/\/csp-plus.com\/index.php?rest_route=\/wp\/v2\/pages\/887","targetHints":{"allow":["GET"]}}],"collection":[{"href":"https:\/\/csp-plus.com\/index.php?rest_route=\/wp\/v2\/pages"}],"about":[{"href":"https:\/\/csp-plus.com\/index.php?rest_route=\/wp\/v2\/types\/page"}],"author":[{"embeddable":true,"href":"https:\/\/csp-plus.com\/index.php?rest_route=\/wp\/v2\/users\/1"}],"replies":[{"embeddable":true,"href":"https:\/\/csp-plus.com\/index.php?rest_route=%2Fwp%2Fv2%2Fcomments&post=887"}],"version-history":[{"count":28,"href":"https:\/\/csp-plus.com\/index.php?rest_route=\/wp\/v2\/pages\/887\/revisions"}],"predecessor-version":[{"id":954,"href":"https:\/\/csp-plus.com\/index.php?rest_route=\/wp\/v2\/pages\/887\/revisions\/954"}],"wp:attachment":[{"href":"https:\/\/csp-plus.com\/index.php?rest_route=%2Fwp%2Fv2%2Fmedia&parent=887"}],"curies":[{"name":"wp","href":"https:\/\/api.w.org\/{rel}","templated":true}]}}